{"id":48,"date":"2021-01-01T16:09:51","date_gmt":"2021-01-01T15:09:51","guid":{"rendered":"https:\/\/mcg83.neschke.de\/?page_id=48"},"modified":"2024-07-26T20:18:17","modified_gmt":"2024-07-26T18:18:17","slug":"kontakt","status":"publish","type":"page","link":"https:\/\/www.mcg83.de\/?page_id=48","title":{"rendered":"Kontakt"},"content":{"rendered":"\n<h2 class=\"wp-block-heading\" id=\"vereinsraume\">Vereinsr\u00e4ume<\/h2>\n\n\n\n<p>Unsere Vereinsr\u00e4ume befinden sich in der N\u00e4he der S-Bahn-Station Frankfurt-Griesheim. <\/p>\n\n\n\n<div class=\"wp-block-media-text alignwide has-media-on-the-right is-stacked-on-mobile\" style=\"grid-template-columns:auto 33%\"><div class=\"wp-block-media-text__content\">\n<p class=\"has-text-align-left\">Modelleisenbahn-Club Frankfurt-Griesheim 83 e.V.<br>Autogenstra\u00dfe 19<br>65933 Frankfurt am Main<\/p>\n<\/div><figure class=\"wp-block-media-text__media\"><img loading=\"lazy\" decoding=\"async\" width=\"640\" height=\"480\" src=\"https:\/\/mcg83.neschke.de\/wp-content\/uploads\/2021\/01\/clubbeim_autogenstr.jpg\" alt=\"\" class=\"wp-image-52 size-full\" srcset=\"https:\/\/www.mcg83.de\/wp-content\/uploads\/2021\/01\/clubbeim_autogenstr.jpg 640w, https:\/\/www.mcg83.de\/wp-content\/uploads\/2021\/01\/clubbeim_autogenstr-300x225.jpg 300w\" sizes=\"auto, (max-width: 640px) 100vw, 640px\" \/><\/figure><\/div>\n\n\n\n<p>Sie k\u00f6nnen uns auch gern (fast) jeden Donnerstag in unseren Clubr\u00e4umen besuchen. Ab 18 Uhr sind wir dort anzutreffen.  <\/p>\n\n\n\n<p><i class=\"dashicons dashicons-phone\"><\/i> 0151 \/ 22 78 06 16 (H.-Harald Neschke)<\/p>\n\n\n\n<p><i class=\"dashicons dashicons-email\"><\/i> <a href=\"mailto:info@mcg83.de\">info@mcg83.de<\/a><\/p>\n\n\n\n<p><i class=\"dashicons dashicons-facebook\"><\/i> <a href=\"https:\/\/www.facebook.com\/mcg83eV\" target=\"_blank\" rel=\"noreferrer noopener\">MCG 83 e.V. auf Facebook<\/a><\/p>\n\n\n\n<p>Der Kontakt zum Modelleisenbahn-Club Frankfurt-Griesheim 83 e.V. kann auch \u00fcber dieses Formular erfolgen.<\/p>\n\n\n\n<div class=\"wp-block-contact-form-7-contact-form-selector\">\n<div class=\"wpcf7 no-js\" id=\"wpcf7-f206-o1\" lang=\"de-DE\" dir=\"ltr\" data-wpcf7-id=\"206\">\n<div class=\"screen-reader-response\"><p role=\"status\" aria-live=\"polite\" aria-atomic=\"true\"><\/p> <ul><\/ul><\/div>\n<form action=\"\/index.php?rest_route=%2Fwp%2Fv2%2Fpages%2F48#wpcf7-f206-o1\" method=\"post\" class=\"wpcf7-form init\" aria-label=\"Kontaktformular\" novalidate=\"novalidate\" data-status=\"init\">\n<fieldset class=\"hidden-fields-container\"><input type=\"hidden\" name=\"_wpcf7\" value=\"206\" \/><input type=\"hidden\" name=\"_wpcf7_version\" value=\"6.1.5\" \/><input type=\"hidden\" name=\"_wpcf7_locale\" value=\"de_DE\" \/><input type=\"hidden\" name=\"_wpcf7_unit_tag\" value=\"wpcf7-f206-o1\" \/><input type=\"hidden\" name=\"_wpcf7_container_post\" value=\"0\" \/><input type=\"hidden\" name=\"_wpcf7_posted_data_hash\" value=\"\" \/>\n<\/fieldset>\n<p><label> Dein Name<br \/>\n<span class=\"wpcf7-form-control-wrap\" data-name=\"your-name\"><input size=\"40\" maxlength=\"400\" class=\"wpcf7-form-control wpcf7-text wpcf7-validates-as-required\" aria-required=\"true\" aria-invalid=\"false\" value=\"\" type=\"text\" name=\"your-name\" \/><\/span> <\/label>\n<\/p>\n<p><label> Deine E-Mail-Adresse<br \/>\n<span class=\"wpcf7-form-control-wrap\" data-name=\"your-email\"><input size=\"40\" maxlength=\"400\" class=\"wpcf7-form-control wpcf7-email wpcf7-validates-as-required wpcf7-text wpcf7-validates-as-email\" aria-required=\"true\" aria-invalid=\"false\" value=\"\" type=\"email\" name=\"your-email\" \/><\/span> <\/label>\n<\/p>\n<p><label> Betreff<br \/>\n<span class=\"wpcf7-form-control-wrap\" data-name=\"your-subject\"><input size=\"40\" maxlength=\"400\" class=\"wpcf7-form-control wpcf7-text wpcf7-validates-as-required\" aria-required=\"true\" aria-invalid=\"false\" value=\"\" type=\"text\" name=\"your-subject\" \/><\/span> <\/label>\n<\/p>\n<p><label> Deine Nachricht (optional)<br \/>\n<span class=\"wpcf7-form-control-wrap\" data-name=\"your-message\"><textarea cols=\"40\" rows=\"10\" maxlength=\"2000\" class=\"wpcf7-form-control wpcf7-textarea\" aria-invalid=\"false\" name=\"your-message\"><\/textarea><\/span> <\/label>\n<\/p>\n<p><span id=\"wpcf7-69f2153c007b9-wrapper\" class=\"wpcf7-form-control-wrap mail-detail-12-wrap\" style=\"display:none !important; visibility:hidden !important;\"><label for=\"wpcf7-69f2153c007b9-field\" class=\"hp-message\">Bitte lasse dieses Feld leer.<\/label><input id=\"wpcf7-69f2153c007b9-field\"  class=\"wpcf7-form-control wpcf7-text\" type=\"text\" name=\"mail-detail-12\" value=\"\" size=\"40\" tabindex=\"-1\" autocomplete=\"new-password\" \/><\/span><br \/>\n<input class=\"wpcf7-form-control wpcf7-submit has-spinner\" type=\"submit\" value=\"Senden\" \/>\n<\/p><div class=\"wpcf7-response-output\" aria-hidden=\"true\"><\/div>\n<\/form>\n<\/div>\n<\/div>\n","protected":false},"excerpt":{"rendered":"<p>Vereinsr\u00e4ume Unsere Vereinsr\u00e4ume befinden sich in der N\u00e4he der S-Bahn-Station Frankfurt-Griesheim. Modelleisenbahn-Club Frankfurt-Griesheim 83 e.V.Autogenstra\u00dfe 1965933 Frankfurt am Main Sie k\u00f6nnen uns auch gern (fast) jeden Donnerstag in unseren Clubr\u00e4umen&#8230; <a class=\"continue-reading-link\" href=\"https:\/\/www.mcg83.de\/?page_id=48\">Weiterlesen<\/a><\/p>\n","protected":false},"author":2,"featured_media":0,"parent":0,"menu_order":0,"comment_status":"closed","ping_status":"closed","template":"","meta":{"footnotes":""},"class_list":["post-48","page","type-page","status-publish","hentry"],"_links":{"self":[{"href":"https:\/\/www.mcg83.de\/index.php?rest_route=\/wp\/v2\/pages\/48","targetHints":{"allow":["GET"]}}],"collection":[{"href":"https:\/\/www.mcg83.de\/index.php?rest_route=\/wp\/v2\/pages"}],"about":[{"href":"https:\/\/www.mcg83.de\/index.php?rest_route=\/wp\/v2\/types\/page"}],"author":[{"embeddable":true,"href":"https:\/\/www.mcg83.de\/index.php?rest_route=\/wp\/v2\/users\/2"}],"replies":[{"embeddable":true,"href":"https:\/\/www.mcg83.de\/index.php?rest_route=%2Fwp%2Fv2%2Fcomments&post=48"}],"version-history":[{"count":12,"href":"https:\/\/www.mcg83.de\/index.php?rest_route=\/wp\/v2\/pages\/48\/revisions"}],"predecessor-version":[{"id":437,"href":"https:\/\/www.mcg83.de\/index.php?rest_route=\/wp\/v2\/pages\/48\/revisions\/437"}],"wp:attachment":[{"href":"https:\/\/www.mcg83.de\/index.php?rest_route=%2Fwp%2Fv2%2Fmedia&parent=48"}],"curies":[{"name":"wp","href":"https:\/\/api.w.org\/{rel}","templated":true}]}}